{"id":466,"date":"2022-02-20T13:54:24","date_gmt":"2022-02-20T12:54:24","guid":{"rendered":"https:\/\/www.sinclaircollection.site\/?page_id=466"},"modified":"2024-05-21T15:25:30","modified_gmt":"2024-05-21T13:25:30","slug":"czerweny-cz-spectrum-plus","status":"publish","type":"page","link":"https:\/\/www.sinclaircollection.site\/?page_id=466","title":{"rendered":"Czerweny CZ Spectrum Plus"},"content":{"rendered":"\t\t<div data-elementor-type=\"wp-page\" data-elementor-id=\"466\" class=\"elementor elementor-466\">\n\t\t\t\t\t\t<section class=\"elementor-section elementor-top-section elementor-element elementor-element-0a61d42 elementor-section-boxed elementor-section-height-default elementor-section-height-default\" data-id=\"0a61d42\" data-element_type=\"section\">\n\t\t\t\t\t\t<div class=\"elementor-container elementor-column-gap-default\">\n\t\t\t\t\t<div class=\"elementor-column elementor-col-100 elementor-top-column elementor-element elementor-element-7eadf86\" data-id=\"7eadf86\" data-element_type=\"column\">\n\t\t\t<div class=\"elementor-widget-wrap elementor-element-populated\">\n\t\t\t\t\t\t<section class=\"elementor-section elementor-inner-section elementor-element elementor-element-9c3eebd elementor-section-boxed elementor-section-height-default elementor-section-height-default\" data-id=\"9c3eebd\" data-element_type=\"section\">\n\t\t\t\t\t\t<div class=\"elementor-container elementor-column-gap-default\">\n\t\t\t\t\t<div class=\"elementor-column elementor-col-50 elementor-inner-column elementor-element elementor-element-f298062\" data-id=\"f298062\" data-element_type=\"column\">\n\t\t\t<div class=\"elementor-widget-wrap elementor-element-populated\">\n\t\t\t\t\t\t<div class=\"elementor-element elementor-element-cc46338 elementor-widget elementor-widget-image\" data-id=\"cc46338\" data-element_type=\"widget\" data-widget_type=\"image.default\">\n\t\t\t\t<div class=\"elementor-widget-container\">\n\t\t\t<style>\/*! elementor - v3.23.0 - 05-08-2024 *\/\n.elementor-widget-image{text-align:center}.elementor-widget-image a{display:inline-block}.elementor-widget-image a img[src$=\".svg\"]{width:48px}.elementor-widget-image img{vertical-align:middle;display:inline-block}<\/style>\t\t\t\t\t\t\t\t\t\t<img fetchpriority=\"high\" decoding=\"async\" width=\"920\" height=\"511\" src=\"https:\/\/www.sinclaircollection.site\/wp-content\/uploads\/2022\/07\/35_1_02a-1.jpg\" class=\"attachment-large size-large wp-image-3131\" alt=\"\" srcset=\"https:\/\/www.sinclaircollection.site\/wp-content\/uploads\/2022\/07\/35_1_02a-1.jpg 998w, https:\/\/www.sinclaircollection.site\/wp-content\/uploads\/2022\/07\/35_1_02a-1-300x167.jpg 300w, https:\/\/www.sinclaircollection.site\/wp-content\/uploads\/2022\/07\/35_1_02a-1-768x426.jpg 768w\" sizes=\"(max-width: 920px) 100vw, 920px\" \/>\t\t\t\t\t\t\t\t\t\t\t\t\t<\/div>\n\t\t\t\t<\/div>\n\t\t\t\t\t<\/div>\n\t\t<\/div>\n\t\t\t\t<div class=\"elementor-column elementor-col-50 elementor-inner-column elementor-element elementor-element-0cf7e4c\" data-id=\"0cf7e4c\" data-element_type=\"column\">\n\t\t\t<div class=\"elementor-widget-wrap elementor-element-populated\">\n\t\t\t\t\t\t<div class=\"elementor-element elementor-element-f865b44 elementor-widget elementor-widget-text-editor\" data-id=\"f865b44\" data-element_type=\"widget\" data-widget_type=\"text-editor.default\">\n\t\t\t\t<div class=\"elementor-widget-container\">\n\t\t\t<style>\/*! elementor - v3.23.0 - 05-08-2024 *\/\n.elementor-widget-text-editor.elementor-drop-cap-view-stacked .elementor-drop-cap{background-color:#69727d;color:#fff}.elementor-widget-text-editor.elementor-drop-cap-view-framed .elementor-drop-cap{color:#69727d;border:3px solid;background-color:transparent}.elementor-widget-text-editor:not(.elementor-drop-cap-view-default) .elementor-drop-cap{margin-top:8px}.elementor-widget-text-editor:not(.elementor-drop-cap-view-default) .elementor-drop-cap-letter{width:1em;height:1em}.elementor-widget-text-editor .elementor-drop-cap{float:left;text-align:center;line-height:1;font-size:50px}.elementor-widget-text-editor .elementor-drop-cap-letter{display:inline-block}<\/style>\t\t\t\t<p>Brand:&nbsp;<strong>Czerweny Electr\u00f3nica S.A.I.C.<\/strong><br>Model:&nbsp;<b>CZ Spectrum Plus<br><\/b>Made in:&nbsp;<b>Argentina<\/b>&nbsp;(Paran\u00e1, Entre R\u00edos)<br>First year of production:&nbsp;<strong>1986<\/strong><\/p>\n<p>Dimensions:&nbsp;<span style=\"font-weight: bold;\">282 \u00d7 151<\/span><span style=\"font-weight: bold;\">&nbsp;\u00d7 42 mm<\/span><br>(feet adds 2.5 mm; keys adds 6&nbsp;mm)<br>Height with optional legs (included in box): 65 mm<br>Weight:&nbsp;<span style=\"font-weight: bold;\">833 g<\/span><\/p>\n<p><a href=\"https:\/\/speccy4ever.speccy.org\/rom\/inves.rom\"><img decoding=\"async\" src=\"https:\/\/www.sinclaircollection.site\/wp-content\/uploads\/2023\/05\/chip.png\" width=\"150\"><\/a><\/p>\t\t\t\t\t\t<\/div>\n\t\t\t\t<\/div>\n\t\t\t\t\t<\/div>\n\t\t<\/div>\n\t\t\t\t\t<\/div>\n\t\t<\/section>\n\t\t\t\t<div class=\"elementor-element elementor-element-686501a elementor-widget elementor-widget-text-editor\" data-id=\"686501a\" data-element_type=\"widget\" data-widget_type=\"text-editor.default\">\n\t\t\t\t<div class=\"elementor-widget-container\">\n\t\t\t\t\t\t\t<p>At first glance, the CZ Spectrum Plus looks like a <a href=\"https:\/\/www.sinclaircollection.site\/?page_id=429\"><u>Spanish&nbsp;ZX Spectrum+<\/u><\/a>.&nbsp; But it&#8217;s actually much narrower than a ZX Spectrum+ because the dimensions of the case bottom are similar to that of the <a href=\"https:\/\/www.sinclaircollection.site\/?page_id=464\"><u>CZ Spectrum<\/u><\/a>&nbsp;and all CZ Plus models. In the box were optional legs to raise the machine a bit, similar to those shipped with the&nbsp;<a href=\"https:\/\/www.sinclaircollection.site\/?page_id=577\" style=\"background-color: rgb(199, 1, 1);\"><u>Sinclair QL<\/u><\/a>.<\/p>\n<p>It shares its ROM with the <a href=\"https:\/\/www.sinclaircollection.site\/?page_id=453\"><u>Inves Spectrum+<\/u><\/a> (Spanish error messages and no Sinclair copyright on the boot screen). It also features two built-in joystick ports (DIN-6), hardwired to the keyboard. They are compatible with <a href=\"https:\/\/www.sinclaircollection.site\/?page_id=518\"><u>ZX Interface 2<\/u><\/a> (67890 \/ 12345).<\/p>\t\t\t\t\t\t<\/div>\n\t\t\t\t<\/div>\n\t\t\t\t<div class=\"elementor-element elementor-element-481bec3 elementor-widget elementor-widget-image-gallery\" data-id=\"481bec3\" data-element_type=\"widget\" data-widget_type=\"image-gallery.default\">\n\t\t\t\t<div class=\"elementor-widget-container\">\n\t\t\t<style>\/*! elementor - v3.23.0 - 05-08-2024 *\/\n.elementor-image-gallery .gallery-item{display:inline-block;text-align:center;vertical-align:top;width:100%;max-width:100%;margin:0 auto}.elementor-image-gallery .gallery-item img{margin:0 auto}.elementor-image-gallery .gallery-item .gallery-caption{margin:0}.elementor-image-gallery figure img{display:block}.elementor-image-gallery figure figcaption{width:100%}.gallery-spacing-custom .elementor-image-gallery .gallery-icon{padding:0}@media (min-width:768px){.elementor-image-gallery .gallery-columns-2 .gallery-item{max-width:50%}.elementor-image-gallery .gallery-columns-3 .gallery-item{max-width:33.33%}.elementor-image-gallery .gallery-columns-4 .gallery-item{max-width:25%}.elementor-image-gallery .gallery-columns-5 .gallery-item{max-width:20%}.elementor-image-gallery .gallery-columns-6 .gallery-item{max-width:16.666%}.elementor-image-gallery .gallery-columns-7 .gallery-item{max-width:14.28%}.elementor-image-gallery .gallery-columns-8 .gallery-item{max-width:12.5%}.elementor-image-gallery .gallery-columns-9 .gallery-item{max-width:11.11%}.elementor-image-gallery .gallery-columns-10 .gallery-item{max-width:10%}}@media (min-width:480px) and (max-width:767px){.elementor-image-gallery .gallery.gallery-columns-2 .gallery-item,.elementor-image-gallery .gallery.gallery-columns-3 .gallery-item,.elementor-image-gallery .gallery.gallery-columns-4 .gallery-item,.elementor-image-gallery .gallery.gallery-columns-5 .gallery-item,.elementor-image-gallery .gallery.gallery-columns-6 .gallery-item,.elementor-image-gallery .gallery.gallery-columns-7 .gallery-item,.elementor-image-gallery .gallery.gallery-columns-8 .gallery-item,.elementor-image-gallery .gallery.gallery-columns-9 .gallery-item,.elementor-image-gallery .gallery.gallery-columns-10 .gallery-item{max-width:50%}}@media (max-width:479px){.elementor-image-gallery .gallery.gallery-columns-2 .gallery-item,.elementor-image-gallery .gallery.gallery-columns-3 .gallery-item,.elementor-image-gallery .gallery.gallery-columns-4 .gallery-item,.elementor-image-gallery .gallery.gallery-columns-5 .gallery-item,.elementor-image-gallery .gallery.gallery-columns-6 .gallery-item,.elementor-image-gallery .gallery.gallery-columns-7 .gallery-item,.elementor-image-gallery .gallery.gallery-columns-8 .gallery-item,.elementor-image-gallery .gallery.gallery-columns-9 .gallery-item,.elementor-image-gallery .gallery.gallery-columns-10 .gallery-item{max-width:100%}}<\/style>\t\t<div class=\"elementor-image-gallery\">\n\t\t\t<div id='gallery-1' class='gallery galleryid-466 gallery-columns-5 gallery-size-thumbnail'><figure class='gallery-item'>\n\t\t\t<div class='gallery-icon portrait'>\n\t\t\t\t<a data-elementor-open-lightbox=\"yes\" data-elementor-lightbox-slideshow=\"481bec3\" data-elementor-lightbox-title=\"Top view\" data-e-action-hash=\"#elementor-action%3Aaction%3Dlightbox%26settings%3DeyJpZCI6MTgxNywidXJsIjoiaHR0cHM6XC9cL3d3dy5zaW5jbGFpcmNvbGxlY3Rpb24uc2l0ZVwvd3AtY29udGVudFwvdXBsb2Fkc1wvMjAyMlwvMDNcLzM1XzFfMDIuanBnIiwic2xpZGVzaG93IjoiNDgxYmVjMyJ9\" href='https:\/\/www.sinclaircollection.site\/wp-content\/uploads\/2022\/03\/35_1_02.jpg'><img decoding=\"async\" width=\"150\" height=\"150\" src=\"https:\/\/www.sinclaircollection.site\/wp-content\/uploads\/2022\/03\/35_1_02-150x150.jpg\" class=\"attachment-thumbnail size-thumbnail\" alt=\"\" srcset=\"https:\/\/www.sinclaircollection.site\/wp-content\/uploads\/2022\/03\/35_1_02-150x150.jpg 150w, https:\/\/www.sinclaircollection.site\/wp-content\/uploads\/2022\/03\/35_1_02-666x666.jpg 666w, https:\/\/www.sinclaircollection.site\/wp-content\/uploads\/2022\/03\/35_1_02-96x96.jpg 96w\" sizes=\"(max-width: 150px) 100vw, 150px\" \/><\/a>\n\t\t\t<\/div><\/figure><figure class='gallery-item'>\n\t\t\t<div class='gallery-icon landscape'>\n\t\t\t\t<a data-elementor-open-lightbox=\"yes\" data-elementor-lightbox-slideshow=\"481bec3\" data-elementor-lightbox-title=\"Bottom view\" data-e-action-hash=\"#elementor-action%3Aaction%3Dlightbox%26settings%3DeyJpZCI6MTgxOCwidXJsIjoiaHR0cHM6XC9cL3d3dy5zaW5jbGFpcmNvbGxlY3Rpb24uc2l0ZVwvd3AtY29udGVudFwvdXBsb2Fkc1wvMjAyMlwvMDNcLzM1XzJfMDYuanBnIiwic2xpZGVzaG93IjoiNDgxYmVjMyJ9\" href='https:\/\/www.sinclaircollection.site\/wp-content\/uploads\/2022\/03\/35_2_06.jpg'><img decoding=\"async\" width=\"150\" height=\"150\" src=\"https:\/\/www.sinclaircollection.site\/wp-content\/uploads\/2022\/03\/35_2_06-150x150.jpg\" class=\"attachment-thumbnail size-thumbnail\" alt=\"\" srcset=\"https:\/\/www.sinclaircollection.site\/wp-content\/uploads\/2022\/03\/35_2_06-150x150.jpg 150w, https:\/\/www.sinclaircollection.site\/wp-content\/uploads\/2022\/03\/35_2_06-666x666.jpg 666w, https:\/\/www.sinclaircollection.site\/wp-content\/uploads\/2022\/03\/35_2_06-96x96.jpg 96w\" sizes=\"(max-width: 150px) 100vw, 150px\" \/><\/a>\n\t\t\t<\/div><\/figure><figure class='gallery-item'>\n\t\t\t<div class='gallery-icon landscape'>\n\t\t\t\t<a data-elementor-open-lightbox=\"yes\" data-elementor-lightbox-slideshow=\"481bec3\" data-elementor-lightbox-title=\"Boot screen\" data-e-action-hash=\"#elementor-action%3Aaction%3Dlightbox%26settings%3DeyJpZCI6MTgxOSwidXJsIjoiaHR0cHM6XC9cL3d3dy5zaW5jbGFpcmNvbGxlY3Rpb24uc2l0ZVwvd3AtY29udGVudFwvdXBsb2Fkc1wvMjAyMlwvMDNcLzM1XzNfMDMuanBnIiwic2xpZGVzaG93IjoiNDgxYmVjMyJ9\" href='https:\/\/www.sinclaircollection.site\/wp-content\/uploads\/2022\/03\/35_3_03.jpg'><img loading=\"lazy\" decoding=\"async\" width=\"150\" height=\"150\" src=\"https:\/\/www.sinclaircollection.site\/wp-content\/uploads\/2022\/03\/35_3_03-150x150.jpg\" class=\"attachment-thumbnail size-thumbnail\" alt=\"\" srcset=\"https:\/\/www.sinclaircollection.site\/wp-content\/uploads\/2022\/03\/35_3_03-150x150.jpg 150w, https:\/\/www.sinclaircollection.site\/wp-content\/uploads\/2022\/03\/35_3_03-666x666.jpg 666w, https:\/\/www.sinclaircollection.site\/wp-content\/uploads\/2022\/03\/35_3_03-96x96.jpg 96w\" sizes=\"(max-width: 150px) 100vw, 150px\" \/><\/a>\n\t\t\t<\/div><\/figure><figure class='gallery-item'>\n\t\t\t<div class='gallery-icon landscape'>\n\t\t\t\t<a data-elementor-open-lightbox=\"yes\" data-elementor-lightbox-slideshow=\"481bec3\" data-elementor-lightbox-title=\"My test card\" data-e-action-hash=\"#elementor-action%3Aaction%3Dlightbox%26settings%3DeyJpZCI6MTgyMCwidXJsIjoiaHR0cHM6XC9cL3d3dy5zaW5jbGFpcmNvbGxlY3Rpb24uc2l0ZVwvd3AtY29udGVudFwvdXBsb2Fkc1wvMjAyMlwvMDNcLzM1XzRfMDQuanBnIiwic2xpZGVzaG93IjoiNDgxYmVjMyJ9\" href='https:\/\/www.sinclaircollection.site\/wp-content\/uploads\/2022\/03\/35_4_04.jpg'><img loading=\"lazy\" decoding=\"async\" width=\"150\" height=\"150\" src=\"https:\/\/www.sinclaircollection.site\/wp-content\/uploads\/2022\/03\/35_4_04-150x150.jpg\" class=\"attachment-thumbnail size-thumbnail\" alt=\"\" srcset=\"https:\/\/www.sinclaircollection.site\/wp-content\/uploads\/2022\/03\/35_4_04-150x150.jpg 150w, https:\/\/www.sinclaircollection.site\/wp-content\/uploads\/2022\/03\/35_4_04-666x666.jpg 666w, https:\/\/www.sinclaircollection.site\/wp-content\/uploads\/2022\/03\/35_4_04-96x96.jpg 96w\" sizes=\"(max-width: 150px) 100vw, 150px\" \/><\/a>\n\t\t\t<\/div><\/figure><figure class='gallery-item'>\n\t\t\t<div class='gallery-icon landscape'>\n\t\t\t\t<a data-elementor-open-lightbox=\"yes\" data-elementor-lightbox-slideshow=\"481bec3\" data-elementor-lightbox-title=\"Tact meter\" data-e-action-hash=\"#elementor-action%3Aaction%3Dlightbox%26settings%3DeyJpZCI6MTgyMSwidXJsIjoiaHR0cHM6XC9cL3d3dy5zaW5jbGFpcmNvbGxlY3Rpb24uc2l0ZVwvd3AtY29udGVudFwvdXBsb2Fkc1wvMjAyMlwvMDNcLzM1XzVfMDUuanBnIiwic2xpZGVzaG93IjoiNDgxYmVjMyJ9\" href='https:\/\/www.sinclaircollection.site\/wp-content\/uploads\/2022\/03\/35_5_05.jpg'><img loading=\"lazy\" decoding=\"async\" width=\"150\" height=\"150\" src=\"https:\/\/www.sinclaircollection.site\/wp-content\/uploads\/2022\/03\/35_5_05-150x150.jpg\" class=\"attachment-thumbnail size-thumbnail\" alt=\"\" srcset=\"https:\/\/www.sinclaircollection.site\/wp-content\/uploads\/2022\/03\/35_5_05-150x150.jpg 150w, https:\/\/www.sinclaircollection.site\/wp-content\/uploads\/2022\/03\/35_5_05-666x666.jpg 666w, https:\/\/www.sinclaircollection.site\/wp-content\/uploads\/2022\/03\/35_5_05-96x96.jpg 96w\" sizes=\"(max-width: 150px) 100vw, 150px\" \/><\/a>\n\t\t\t<\/div><\/figure><figure class='gallery-item'>\n\t\t\t<div class='gallery-icon landscape'>\n\t\t\t\t<a data-elementor-open-lightbox=\"yes\" data-elementor-lightbox-slideshow=\"481bec3\" data-elementor-lightbox-title=\"Motherboard (heatsink removed)\" data-e-action-hash=\"#elementor-action%3Aaction%3Dlightbox%26settings%3DeyJpZCI6MTgyMiwidXJsIjoiaHR0cHM6XC9cL3d3dy5zaW5jbGFpcmNvbGxlY3Rpb24uc2l0ZVwvd3AtY29udGVudFwvdXBsb2Fkc1wvMjAyMlwvMDNcLzM1XzZfMDktc2NhbGVkLmpwZyIsInNsaWRlc2hvdyI6IjQ4MWJlYzMifQ%3D%3D\" href='https:\/\/www.sinclaircollection.site\/wp-content\/uploads\/2022\/03\/35_6_09-scaled.jpg'><img loading=\"lazy\" decoding=\"async\" width=\"150\" height=\"150\" src=\"https:\/\/www.sinclaircollection.site\/wp-content\/uploads\/2022\/03\/35_6_09-150x150.jpg\" class=\"attachment-thumbnail size-thumbnail\" alt=\"\" srcset=\"https:\/\/www.sinclaircollection.site\/wp-content\/uploads\/2022\/03\/35_6_09-150x150.jpg 150w, https:\/\/www.sinclaircollection.site\/wp-content\/uploads\/2022\/03\/35_6_09-666x666.jpg 666w, https:\/\/www.sinclaircollection.site\/wp-content\/uploads\/2022\/03\/35_6_09-96x96.jpg 96w\" sizes=\"(max-width: 150px) 100vw, 150px\" \/><\/a>\n\t\t\t<\/div><\/figure><figure class='gallery-item'>\n\t\t\t<div class='gallery-icon landscape'>\n\t\t\t\t<a data-elementor-open-lightbox=\"yes\" data-elementor-lightbox-slideshow=\"481bec3\" data-elementor-lightbox-title=\"Motherboard underside\" data-e-action-hash=\"#elementor-action%3Aaction%3Dlightbox%26settings%3DeyJpZCI6MTgyMywidXJsIjoiaHR0cHM6XC9cL3d3dy5zaW5jbGFpcmNvbGxlY3Rpb24uc2l0ZVwvd3AtY29udGVudFwvdXBsb2Fkc1wvMjAyMlwvMDNcLzM1XzdfMTAtc2NhbGVkLmpwZyIsInNsaWRlc2hvdyI6IjQ4MWJlYzMifQ%3D%3D\" href='https:\/\/www.sinclaircollection.site\/wp-content\/uploads\/2022\/03\/35_7_10-scaled.jpg'><img loading=\"lazy\" decoding=\"async\" width=\"150\" height=\"150\" src=\"https:\/\/www.sinclaircollection.site\/wp-content\/uploads\/2022\/03\/35_7_10-150x150.jpg\" class=\"attachment-thumbnail size-thumbnail\" alt=\"\" srcset=\"https:\/\/www.sinclaircollection.site\/wp-content\/uploads\/2022\/03\/35_7_10-150x150.jpg 150w, https:\/\/www.sinclaircollection.site\/wp-content\/uploads\/2022\/03\/35_7_10-666x666.jpg 666w, https:\/\/www.sinclaircollection.site\/wp-content\/uploads\/2022\/03\/35_7_10-96x96.jpg 96w\" sizes=\"(max-width: 150px) 100vw, 150px\" \/><\/a>\n\t\t\t<\/div><\/figure><figure class='gallery-item'>\n\t\t\t<div class='gallery-icon landscape'>\n\t\t\t\t<a data-elementor-open-lightbox=\"yes\" data-elementor-lightbox-slideshow=\"481bec3\" data-elementor-lightbox-title=\"Keyboard, bottom view\" data-e-action-hash=\"#elementor-action%3Aaction%3Dlightbox%26settings%3DeyJpZCI6MTgyNCwidXJsIjoiaHR0cHM6XC9cL3d3dy5zaW5jbGFpcmNvbGxlY3Rpb24uc2l0ZVwvd3AtY29udGVudFwvdXBsb2Fkc1wvMjAyMlwvMDNcLzM1XzhfMTEuanBnIiwic2xpZGVzaG93IjoiNDgxYmVjMyJ9\" href='https:\/\/www.sinclaircollection.site\/wp-content\/uploads\/2022\/03\/35_8_11.jpg'><img loading=\"lazy\" decoding=\"async\" width=\"150\" height=\"150\" src=\"https:\/\/www.sinclaircollection.site\/wp-content\/uploads\/2022\/03\/35_8_11-150x150.jpg\" class=\"attachment-thumbnail size-thumbnail\" alt=\"\" srcset=\"https:\/\/www.sinclaircollection.site\/wp-content\/uploads\/2022\/03\/35_8_11-150x150.jpg 150w, https:\/\/www.sinclaircollection.site\/wp-content\/uploads\/2022\/03\/35_8_11-666x666.jpg 666w, https:\/\/www.sinclaircollection.site\/wp-content\/uploads\/2022\/03\/35_8_11-96x96.jpg 96w\" sizes=\"(max-width: 150px) 100vw, 150px\" \/><\/a>\n\t\t\t<\/div><\/figure><figure class='gallery-item'>\n\t\t\t<div class='gallery-icon landscape'>\n\t\t\t\t<a data-elementor-open-lightbox=\"yes\" data-elementor-lightbox-slideshow=\"481bec3\" data-elementor-lightbox-title=\"Side view (reset button and joystick ports)\" data-e-action-hash=\"#elementor-action%3Aaction%3Dlightbox%26settings%3DeyJpZCI6MTgyNiwidXJsIjoiaHR0cHM6XC9cL3d3dy5zaW5jbGFpcmNvbGxlY3Rpb24uc2l0ZVwvd3AtY29udGVudFwvdXBsb2Fkc1wvMjAyMlwvMDNcLzM1XzEwXzA3LmpwZyIsInNsaWRlc2hvdyI6IjQ4MWJlYzMifQ%3D%3D\" href='https:\/\/www.sinclaircollection.site\/wp-content\/uploads\/2022\/03\/35_10_07.jpg'><img loading=\"lazy\" decoding=\"async\" width=\"150\" height=\"150\" src=\"https:\/\/www.sinclaircollection.site\/wp-content\/uploads\/2022\/03\/35_10_07-150x150.jpg\" class=\"attachment-thumbnail size-thumbnail\" alt=\"\" srcset=\"https:\/\/www.sinclaircollection.site\/wp-content\/uploads\/2022\/03\/35_10_07-150x150.jpg 150w, https:\/\/www.sinclaircollection.site\/wp-content\/uploads\/2022\/03\/35_10_07-96x96.jpg 96w\" sizes=\"(max-width: 150px) 100vw, 150px\" \/><\/a>\n\t\t\t<\/div><\/figure><figure class='gallery-item'>\n\t\t\t<div class='gallery-icon landscape'>\n\t\t\t\t<a data-elementor-open-lightbox=\"yes\" data-elementor-lightbox-slideshow=\"481bec3\" data-elementor-lightbox-title=\"Rear view\" data-e-action-hash=\"#elementor-action%3Aaction%3Dlightbox%26settings%3DeyJpZCI6MTgyNSwidXJsIjoiaHR0cHM6XC9cL3d3dy5zaW5jbGFpcmNvbGxlY3Rpb24uc2l0ZVwvd3AtY29udGVudFwvdXBsb2Fkc1wvMjAyMlwvMDNcLzM1XzlfMDguanBnIiwic2xpZGVzaG93IjoiNDgxYmVjMyJ9\" href='https:\/\/www.sinclaircollection.site\/wp-content\/uploads\/2022\/03\/35_9_08.jpg'><img loading=\"lazy\" decoding=\"async\" width=\"150\" height=\"150\" src=\"https:\/\/www.sinclaircollection.site\/wp-content\/uploads\/2022\/03\/35_9_08-150x150.jpg\" class=\"attachment-thumbnail size-thumbnail\" alt=\"\" srcset=\"https:\/\/www.sinclaircollection.site\/wp-content\/uploads\/2022\/03\/35_9_08-150x150.jpg 150w, https:\/\/www.sinclaircollection.site\/wp-content\/uploads\/2022\/03\/35_9_08-96x96.jpg 96w\" sizes=\"(max-width: 150px) 100vw, 150px\" \/><\/a>\n\t\t\t<\/div><\/figure>\n\t\t<\/div>\n\t\t<\/div>\n\t\t\t\t<\/div>\n\t\t\t\t<\/div>\n\t\t\t\t<div class=\"elementor-element elementor-element-01f85ae elementor-widget elementor-widget-text-editor\" data-id=\"01f85ae\" data-element_type=\"widget\" data-widget_type=\"text-editor.default\">\n\t\t\t\t<div class=\"elementor-widget-container\">\n\t\t\t\t\t\t\t<p>Error messages on the CZ Spectrum Plus (English for reference):<\/p>\t\t\t\t\t\t<\/div>\n\t\t\t\t<\/div>\n\t\t\t\t<div class=\"elementor-element elementor-element-e1284df elementor-widget elementor-widget-image\" data-id=\"e1284df\" data-element_type=\"widget\" data-widget_type=\"image.default\">\n\t\t\t\t<div class=\"elementor-widget-container\">\n\t\t\t\t\t\t\t\t\t\t\t\t\t<img loading=\"lazy\" decoding=\"async\" width=\"920\" height=\"466\" src=\"https:\/\/www.sinclaircollection.site\/wp-content\/uploads\/2024\/05\/error-messages-48k-inves-1024x519.png\" class=\"attachment-large size-large wp-image-11143\" alt=\"\" srcset=\"https:\/\/www.sinclaircollection.site\/wp-content\/uploads\/2024\/05\/error-messages-48k-inves-1024x519.png 1024w, https:\/\/www.sinclaircollection.site\/wp-content\/uploads\/2024\/05\/error-messages-48k-inves-300x152.png 300w, https:\/\/www.sinclaircollection.site\/wp-content\/uploads\/2024\/05\/error-messages-48k-inves-768x390.png 768w, https:\/\/www.sinclaircollection.site\/wp-content\/uploads\/2024\/05\/error-messages-48k-inves-1536x779.png 1536w, https:\/\/www.sinclaircollection.site\/wp-content\/uploads\/2024\/05\/error-messages-48k-inves.png 1924w\" sizes=\"(max-width: 920px) 100vw, 920px\" \/>\t\t\t\t\t\t\t\t\t\t\t\t\t<\/div>\n\t\t\t\t<\/div>\n\t\t\t\t\t<\/div>\n\t\t<\/div>\n\t\t\t\t\t<\/div>\n\t\t<\/section>\n\t\t\t\t<\/div>\n\t\t","protected":false},"excerpt":{"rendered":"<p>Brand:&nbsp;Czerweny Electr\u00f3nica S.A.I.C.Model:&nbsp;CZ Spectrum PlusMade in:&nbsp;Argentina&nbsp;(Paran\u00e1, Entre R\u00edos)First year of<\/p>\n<p><span class=\"more-link\"><a href=\"https:\/\/www.sinclaircollection.site\/?page_id=466\" class=\"readmore\">Continue reading<span class=\"screen-reader-text\">Czerweny CZ Spectrum Plus<\/span><\/a><\/span><\/p>\n","protected":false},"author":1,"featured_media":0,"parent":0,"menu_order":0,"comment_status":"closed","ping_status":"closed","template":"","meta":{"footnotes":""},"class_list":["post-466","page","type-page","status-publish","hentry"],"_links":{"self":[{"href":"https:\/\/www.sinclaircollection.site\/index.php?rest_route=\/wp\/v2\/pages\/466","targetHints":{"allow":["GET"]}}],"collection":[{"href":"https:\/\/www.sinclaircollection.site\/index.php?rest_route=\/wp\/v2\/pages"}],"about":[{"href":"https:\/\/www.sinclaircollection.site\/index.php?rest_route=\/wp\/v2\/types\/page"}],"author":[{"embeddable":true,"href":"https:\/\/www.sinclaircollection.site\/index.php?rest_route=\/wp\/v2\/users\/1"}],"replies":[{"embeddable":true,"href":"https:\/\/www.sinclaircollection.site\/index.php?rest_route=%2Fwp%2Fv2%2Fcomments&post=466"}],"version-history":[{"count":67,"href":"https:\/\/www.sinclaircollection.site\/index.php?rest_route=\/wp\/v2\/pages\/466\/revisions"}],"predecessor-version":[{"id":11716,"href":"https:\/\/www.sinclaircollection.site\/index.php?rest_route=\/wp\/v2\/pages\/466\/revisions\/11716"}],"wp:attachment":[{"href":"https:\/\/www.sinclaircollection.site\/index.php?rest_route=%2Fwp%2Fv2%2Fmedia&parent=466"}],"curies":[{"name":"wp","href":"https:\/\/api.w.org\/{rel}","templated":true}]}}